{"id":31,"date":"2026-03-26T13:54:09","date_gmt":"2026-03-26T13:54:09","guid":{"rendered":"https:\/\/boomfungame.com\/?page_id=31"},"modified":"2026-03-26T15:00:44","modified_gmt":"2026-03-26T15:00:44","slug":"rollercoin","status":"publish","type":"page","link":"https:\/\/boomfungame.com\/index.php\/rollercoin\/","title":{"rendered":"RollerCoin"},"content":{"rendered":"\n<p><br><\/p>\n\n\n\n<a href=\"https:\/\/rollercoin.com\/?r=la0ttst0\" target=\"_blank\" rel=\"noopener sponsored\">\n  <img decoding=\"async\" src=\"https:\/\/static.rollercoin.com\/static\/img\/ref\/gen2\/w970h250.gif\" alt=\"Banni\u00e8re RollerCoin\"\/>\n<\/a>\n\n\n\n<div class=\"wp-block-columns is-layout-flex wp-container-core-columns-is-layout-9d6595d7 wp-block-columns-is-layout-flex\">\n<div class=\"wp-block-column is-layout-flow wp-block-column-is-layout-flow\" style=\"flex-basis:100%\">\n<h1 class=\"wp-block-heading\">Qu&#8217;est-ce que c&#8217;est Rollercoin ?<\/h1>\n\n\n\n<div class=\"wp-block-group is-nowrap is-layout-flex wp-container-core-group-is-layout-64989fb1 wp-block-group-is-layout-flex\">\n<p>Rollercoin est un jeu de minage de crypto gratuit (free-to-play). D\u00e9bloquez de nouvelles salles, accomplissez des qu\u00eates, achetez strat\u00e9giquement des mineurs haute performance et construisez la ferme de minage ultime. Ressentez l\u2019excitation de l\u2019attente en rivalisant pour obtenir de v\u00e9ritables r\u00e9compenses en cryptomonnaie issues d\u2019une cagnotte dynamique. Le monde du jeu de minage de bitcoin vous attend, et la fortune sourit aux audacieux !<\/p>\n\n\n\n<p>Rollercoin is a free-to-play crypto mining game. Unlock new rooms, complete quests, strategically buy high-performance miners, and construct the ultimate mining farm. Feel the rush of anticipation as you compete for real crypto rewards from the pulsating reward pool. The world of bitcoin mining game awaits, and fortune favors the bold!<\/p>\n<\/div>\n<\/div>\n<\/div>\n\n\n\n<p>Lien d&#8217;affiliation : <a href=\"https:\/\/rollercoin.com\/?r=la0ttst0\">https:\/\/rollercoin.com\/?r=la0ttst0<\/a><\/p>\n","protected":false},"excerpt":{"rendered":"<p>Qu&#8217;est-ce que c&#8217;est Rollercoin ? Rollercoin est un jeu de minage de crypto gratuit (free-to-play). D\u00e9bloquez de nouvelles salles, accomplissez des qu\u00eates, achetez strat\u00e9giquement des mineurs haute performance et construisez la ferme de minage ultime. Ressentez l\u2019excitation de l\u2019attente en rivalisant pour obtenir de v\u00e9ritables r\u00e9compenses en cryptomonnaie issues d\u2019une cagnotte dynamique. Le monde du&#8230;<\/p>\n","protected":false},"author":2,"featured_media":0,"parent":0,"menu_order":0,"comment_status":"closed","ping_status":"closed","template":"","meta":{"_kad_post_transparent":"default","_kad_post_title":"hide","_kad_post_layout":"","_kad_post_sidebar_id":"","_kad_post_content_style":"","_kad_post_vertical_padding":"","_kad_post_feature":"","_kad_post_feature_position":"","_kad_post_header":false,"_kad_post_footer":false,"_kad_post_classname":"","footnotes":""},"class_list":["post-31","page","type-page","status-publish","hentry"],"_links":{"self":[{"href":"https:\/\/boomfungame.com\/index.php\/wp-json\/wp\/v2\/pages\/31","targetHints":{"allow":["GET"]}}],"collection":[{"href":"https:\/\/boomfungame.com\/index.php\/wp-json\/wp\/v2\/pages"}],"about":[{"href":"https:\/\/boomfungame.com\/index.php\/wp-json\/wp\/v2\/types\/page"}],"author":[{"embeddable":true,"href":"https:\/\/boomfungame.com\/index.php\/wp-json\/wp\/v2\/users\/2"}],"replies":[{"embeddable":true,"href":"https:\/\/boomfungame.com\/index.php\/wp-json\/wp\/v2\/comments?post=31"}],"version-history":[{"count":12,"href":"https:\/\/boomfungame.com\/index.php\/wp-json\/wp\/v2\/pages\/31\/revisions"}],"predecessor-version":[{"id":45,"href":"https:\/\/boomfungame.com\/index.php\/wp-json\/wp\/v2\/pages\/31\/revisions\/45"}],"wp:attachment":[{"href":"https:\/\/boomfungame.com\/index.php\/wp-json\/wp\/v2\/media?parent=31"}],"curies":[{"name":"wp","href":"https:\/\/api.w.org\/{rel}","templated":true}]}}